{"id":108,"date":"2020-10-09T22:01:38","date_gmt":"2020-10-09T22:01:38","guid":{"rendered":"http:\/\/safepsychology.eu\/?page_id=108"},"modified":"2022-04-12T21:20:34","modified_gmt":"2022-04-12T21:20:34","slug":"about-me","status":"publish","type":"page","link":"https:\/\/safepsychology.eu\/pl\/about-me\/","title":{"rendered":"O mnie"},"content":{"rendered":"<div data-elementor-type=\"wp-page\" data-elementor-id=\"108\" class=\"elementor elementor-108\">\n\t\t\t\t\t\t<div class=\"elementor-inner\">\n\t\t\t\t<div class=\"elementor-section-wrap\">\n\t\t\t\t\t\t\t\t\t<section class=\"elementor-section elementor-top-section elementor-element elementor-element-8931a8e elementor-section-height-min-height elementor-section-boxed elementor-section-height-default elementor-section-items-middle\" data-id=\"8931a8e\" data-element_type=\"section\" data-settings=\"{&quot;background_background&quot;:&quot;classic&quot;,&quot;animation&quot;:&quot;none&quot;}\">\n\t\t\t\t\t\t<div class=\"elementor-container elementor-column-gap-default\">\n\t\t\t\t\t\t\t<div class=\"elementor-row\">\n\t\t\t\t\t<div class=\"elementor-column elementor-col-100 elementor-top-column elementor-element elementor-element-8fbb921\" data-id=\"8fbb921\" data-element_type=\"column\">\n\t\t\t<div class=\"elementor-column-wrap elementor-element-populated\">\n\t\t\t\t\t\t\t<div class=\"elementor-widget-wrap\">\n\t\t\t\t\t\t<div class=\"elementor-element elementor-element-31c11e6 elementor-widget elementor-widget-spacer\" data-id=\"31c11e6\" data-element_type=\"widget\" data-widget_type=\"spacer.default\">\n\t\t\t\t<div class=\"elementor-widget-container\">\n\t\t\t\t\t<div class=\"elementor-spacer\">\n\t\t\t<div class=\"elementor-spacer-inner\"><\/div>\n\t\t<\/div>\n\t\t\t\t<\/div>\n\t\t\t\t<\/div>\n\t\t\t\t\t\t<\/div>\n\t\t\t\t\t<\/div>\n\t\t<\/div>\n\t\t\t\t\t\t\t\t<\/div>\n\t\t\t\t\t<\/div>\n\t\t<\/section>\n\t\t\t\t<section class=\"elementor-section elementor-top-section elementor-element elementor-element-3f9544e elementor-section-boxed elementor-section-height-default elementor-section-height-default\" data-id=\"3f9544e\" data-element_type=\"section\">\n\t\t\t\t\t\t<div class=\"elementor-container elementor-column-gap-default\">\n\t\t\t\t\t\t\t<div class=\"elementor-row\">\n\t\t\t\t\t<div class=\"elementor-column elementor-col-100 elementor-top-column elementor-element elementor-element-d6a8b56\" data-id=\"d6a8b56\" data-element_type=\"column\">\n\t\t\t<div class=\"elementor-column-wrap elementor-element-populated\">\n\t\t\t\t\t\t\t<div class=\"elementor-widget-wrap\">\n\t\t\t\t\t\t<section class=\"elementor-section elementor-inner-section elementor-element elementor-element-2016728 elementor-section-boxed elementor-section-height-default elementor-section-height-default\" data-id=\"2016728\" data-element_type=\"section\">\n\t\t\t\t\t\t<div class=\"elementor-container elementor-column-gap-default\">\n\t\t\t\t\t\t\t<div class=\"elementor-row\">\n\t\t\t\t\t<div class=\"elementor-column elementor-col-50 elementor-inner-column elementor-element elementor-element-7fe0e99\" data-id=\"7fe0e99\" data-element_type=\"column\">\n\t\t\t<div class=\"elementor-column-wrap elementor-element-populated\">\n\t\t\t\t\t\t\t<div class=\"elementor-widget-wrap\">\n\t\t\t\t\t\t<div class=\"elementor-element elementor-element-aafde16 elementor-widget elementor-widget-heading\" data-id=\"aafde16\" data-element_type=\"widget\" data-widget_type=\"heading.default\">\n\t\t\t\t<div class=\"elementor-widget-container\">\n\t\t\t<h1 class=\"elementor-heading-title elementor-size-default\">O mnie<\/h1>\t\t<\/div>\n\t\t\t\t<\/div>\n\t\t\t\t<div class=\"elementor-element elementor-element-1c92e75 elementor-widget elementor-widget-text-editor\" data-id=\"1c92e75\" data-element_type=\"widget\" data-widget_type=\"text-editor.default\">\n\t\t\t\t<div class=\"elementor-widget-container\">\n\t\t\t\t\t\t\t\t<div class=\"elementor-text-editor elementor-clearfix\">\n\t\t\t\t<p><span dir=\"ltr\">Mam na imi\u0119 Marta i jestem psychologiem\u00a0<\/span><span style=\"font-size: 15px; font-style: normal; color: var( --e-global-color-092fc00 );\">z tytu\u0142em doktora psychologii.<\/span><span dir=\"ltr\" style=\"font-size: 15px; color: var( --e-global-color-092fc00 );\">\u00a0Pochodz\u0119 z Polski, ale obecnie mieszkam w Holandii.\u00a0<\/span><\/p><p><span dir=\"ltr\">Psychologia i dobrostan psychiczny nigdy nie by\u0142y tylko czym\u015b, co robi\u0119 w pracy, by\u0142y i zawsze b\u0119d\u0105 wielk\u0105 fascynacj\u0105!\u00a0<\/span><\/p><p><span dir=\"ltr\">W swojej pracy z klientami wykorzystuj\u0119 Teori\u0119 Poliwagaln\u0105, Terapi\u0119 Skoncentrowan\u0105 na Rozwi\u0105zaniach, Brainspotting oraz interwencje s\u0142uchowe, takie jak Safe and Sound Protocol czy iLS Focus. Wsp\u00f3lnie z klientem szukamy najlepszego sposobu na popraw\u0119 jego zdrowia psychicznego, promowanie rozwoju osobistego, odnalezienie wewn\u0119trznej r\u00f3wnowagi i podniesienie umiej\u0119tno\u015bci radzenia sobie z codziennymi wyzwaniami.\u00a0<\/span><\/p><p><span dir=\"ltr\">W ostatnich latach pog\u0142\u0119bi\u0142am swoj\u0105 wiedz\u0119 na temat podw\u00f3jnej wyj\u0105tkowo\u015bci (2E), wysokich uzdolnie\u0144, wysokiej wra\u017cliwo\u015bci, autyzmu, ADHD, a przede wszystkim <b>l\u0119ku i traumy.<\/b>\u00a0\u00a0Uko\u0144czy\u0142em kursy, kt\u00f3re da\u0142y mi umiej\u0119tno\u015bci i wiedz\u0119 do procy z rodzinami, pracy indywidualnej z nastolatkami i doros\u0142ymi, kt\u00f3rzy do\u015bwiadczaj\u0105 r\u00f3\u017cnych wyzwa\u0144 w obr\u0119bie zdrowia psychicznego.\u00a0<\/span><\/p><p><span dir=\"ltr\">Poza pracy terapeutyczn\u0105, jestem r\u00f3wnie\u017c cz\u0142onkiem zespo\u0142u badawczego dr Porges'a pracuj\u0105cego nad zastosowaniem\u00a0<\/span><span style=\"font-size: 15px; color: var( --e-global-color-092fc00 );\">Safe &amp; Sound Protocol for improving well being of patients with Ehlers-Danlos syndrome.\u00a0<\/span><\/p>\t\t\t\t\t<\/div>\n\t\t\t\t\t\t<\/div>\n\t\t\t\t<\/div>\n\t\t\t\t\t\t<\/div>\n\t\t\t\t\t<\/div>\n\t\t<\/div>\n\t\t\t\t<div class=\"elementor-column elementor-col-50 elementor-inner-column elementor-element elementor-element-a11877e\" data-id=\"a11877e\" data-element_type=\"column\">\n\t\t\t<div class=\"elementor-column-wrap elementor-element-populated\">\n\t\t\t\t\t\t\t<div class=\"elementor-widget-wrap\">\n\t\t\t\t\t\t<div class=\"elementor-element elementor-element-0f5fb14 elementor-widget elementor-widget-image\" data-id=\"0f5fb14\" data-element_type=\"widget\" data-settings=\"{&quot;_animation&quot;:&quot;none&quot;}\" data-widget_type=\"image.default\">\n\t\t\t\t<div class=\"elementor-widget-container\">\n\t\t\t\t\t\t\t\t<div class=\"elementor-image\">\n\t\t\t\t\t\t\t\t\t\t\t\t<img width=\"331\" height=\"223\" src=\"https:\/\/safepsychology.eu\/wp-content\/uploads\/2020\/10\/marta_photo_small.png\" class=\"attachment-large size-large\" alt=\"\" loading=\"lazy\" srcset=\"https:\/\/safepsychology.eu\/wp-content\/uploads\/2020\/10\/marta_photo_small.png 331w, https:\/\/safepsychology.eu\/wp-content\/uploads\/2020\/10\/marta_photo_small-300x202.png 300w\" sizes=\"(max-width: 331px) 100vw, 331px\" \/>\t\t\t\t\t\t\t\t\t\t\t\t\t\t<\/div>\n\t\t\t\t\t\t<\/div>\n\t\t\t\t<\/div>\n\t\t\t\t\t\t<\/div>\n\t\t\t\t\t<\/div>\n\t\t<\/div>\n\t\t\t\t\t\t\t\t<\/div>\n\t\t\t\t\t<\/div>\n\t\t<\/section>\n\t\t\t\t<section class=\"elementor-section elementor-inner-section elementor-element elementor-element-88fa528 elementor-section-boxed elementor-section-height-default elementor-section-height-default\" data-id=\"88fa528\" data-element_type=\"section\">\n\t\t\t\t\t\t<div class=\"elementor-container elementor-column-gap-default\">\n\t\t\t\t\t\t\t<div class=\"elementor-row\">\n\t\t\t\t\t<div class=\"elementor-column elementor-col-100 elementor-inner-column elementor-element elementor-element-0d1a624\" data-id=\"0d1a624\" data-element_type=\"column\">\n\t\t\t<div class=\"elementor-column-wrap elementor-element-populated\">\n\t\t\t\t\t\t\t<div class=\"elementor-widget-wrap\">\n\t\t\t\t\t\t<div class=\"elementor-element elementor-element-79be386 elementor-widget elementor-widget-text-editor\" data-id=\"79be386\" data-element_type=\"widget\" data-widget_type=\"text-editor.default\">\n\t\t\t\t<div class=\"elementor-widget-container\">\n\t\t\t\t\t\t\t\t<div class=\"elementor-text-editor elementor-clearfix\">\n\t\t\t\t<div data-tooltip=\"11 oktober 2020 om 22:30:20 UTC+2\"><span style=\"font-size: 15px; color: var( --e-global-color-092fc00 );\">Pracuj\u0119 zgodnie z:<\/span><\/div><ul><li data-tooltip=\"11 oktober 2020 om 22:30:20 UTC+2\"><span dir=\"ltr\">Teoria poliwegalna<\/span><\/li><li data-tooltip=\"11 oktober 2020 om 22:30:20 UTC+2\"><span dir=\"ltr\">Terapia Skoncentrowana na Rozwi\u0105zaniach<\/span><\/li><li data-tooltip=\"11 oktober 2020 om 22:30:20 UTC+2\"><span dir=\"ltr\">Rodzicielstwo blisko\u015bci<\/span><\/li><li data-tooltip=\"11 oktober 2020 om 22:30:20 UTC+2\"><span dir=\"ltr\">Collaborative-Proactive Solutions<\/span><\/li><li data-tooltip=\"11 oktober 2020 om 22:30:20 UTC+2\"><span dir=\"ltr\">Self-Reg<\/span><\/li><\/ul><div>Jestem cz\u0142onkiem Holenderskiego Zwi\u0105zku Psycholog\u00f3w (NIP 233373), SKJ (130006070) oraz Polskiego Towarzystwa Skoncentrowanego na Rozwi\u0105zaniach\u00a0<span style=\"font-size: 15px; color: var( --e-global-color-092fc00 );\">Swoj\u0105 prac\u0119 poddaje regularnej superwizji w celu zapewnienia najlepszej jako\u015bci moich us\u0142ug.\u00a0<\/span><\/div><div><br \/>Witam w moim bezpiecznym miejscy - Safe Psychology!<\/div><p>dr Marta Bakker<\/p>\t\t\t\t\t<\/div>\n\t\t\t\t\t\t<\/div>\n\t\t\t\t<\/div>\n\t\t\t\t\t\t<\/div>\n\t\t\t\t\t<\/div>\n\t\t<\/div>\n\t\t\t\t\t\t\t\t<\/div>\n\t\t\t\t\t<\/div>\n\t\t<\/section>\n\t\t\t\t\t\t<\/div>\n\t\t\t\t\t<\/div>\n\t\t<\/div>\n\t\t\t\t\t\t\t\t<\/div>\n\t\t\t\t\t<\/div>\n\t\t<\/section>\n\t\t\t\t\t\t\t\t\t<\/div>\n\t\t\t<\/div>\n\t\t\t\t\t<\/div>","protected":false},"excerpt":{"rendered":"<p>About me My name is Marta and I am a polish psychologist with a\u00a0PhD in psychology,\u00a0living in the Netherlands.\u00a0 Psychology and mental wellbeing has never been just something I do for work, it has been and will always be a great fascination!\u00a0 In my work with clients I use Polyvagal Theory, Solution Focused Therapy, Brainspotting &hellip;<\/p>\n<p class=\"read-more\"> <a class=\"\" href=\"https:\/\/safepsychology.eu\/pl\/about-me\/\"> <span class=\"screen-reader-text\">O mnie<\/span> Read More &raquo;<\/a><\/p>","protected":false},"author":2,"featured_media":0,"parent":0,"menu_order":1,"comment_status":"closed","ping_status":"closed","template":"elementor_header_footer","meta":[],"_links":{"self":[{"href":"https:\/\/safepsychology.eu\/pl\/wp-json\/wp\/v2\/pages\/108"}],"collection":[{"href":"https:\/\/safepsychology.eu\/pl\/wp-json\/wp\/v2\/pages"}],"about":[{"href":"https:\/\/safepsychology.eu\/pl\/wp-json\/wp\/v2\/types\/page"}],"author":[{"embeddable":true,"href":"https:\/\/safepsychology.eu\/pl\/wp-json\/wp\/v2\/users\/2"}],"replies":[{"embeddable":true,"href":"https:\/\/safepsychology.eu\/pl\/wp-json\/wp\/v2\/comments?post=108"}],"version-history":[{"count":27,"href":"https:\/\/safepsychology.eu\/pl\/wp-json\/wp\/v2\/pages\/108\/revisions"}],"predecessor-version":[{"id":330,"href":"https:\/\/safepsychology.eu\/pl\/wp-json\/wp\/v2\/pages\/108\/revisions\/330"}],"wp:attachment":[{"href":"https:\/\/safepsychology.eu\/pl\/wp-json\/wp\/v2\/media?parent=108"}],"curies":[{"name":"wp","href":"https:\/\/api.w.org\/{rel}","templated":true}]}}