{"id":122,"date":"2020-10-09T22:10:23","date_gmt":"2020-10-09T22:10:23","guid":{"rendered":"http:\/\/safepsychology.eu\/?page_id=122"},"modified":"2022-05-18T22:05:09","modified_gmt":"2022-05-18T22:05:09","slug":"consultation","status":"publish","type":"page","link":"https:\/\/safepsychology.eu\/pl\/services\/consultation\/","title":{"rendered":"Konsultacje psychologiczne"},"content":{"rendered":"<div data-elementor-type=\"wp-page\" data-elementor-id=\"122\" class=\"elementor elementor-122\">\n\t\t\t\t\t\t<div class=\"elementor-inner\">\n\t\t\t\t<div class=\"elementor-section-wrap\">\n\t\t\t\t\t\t\t\t\t<section class=\"elementor-section elementor-top-section elementor-element elementor-element-7111901 elementor-section-height-min-height elementor-section-boxed elementor-section-height-default elementor-section-items-middle\" data-id=\"7111901\" data-element_type=\"section\" data-settings=\"{&quot;background_background&quot;:&quot;classic&quot;}\">\n\t\t\t\t\t\t<div class=\"elementor-container elementor-column-gap-default\">\n\t\t\t\t\t\t\t<div class=\"elementor-row\">\n\t\t\t\t\t<div class=\"elementor-column elementor-col-100 elementor-top-column elementor-element elementor-element-50e95b7\" data-id=\"50e95b7\" data-element_type=\"column\">\n\t\t\t<div class=\"elementor-column-wrap elementor-element-populated\">\n\t\t\t\t\t\t\t<div class=\"elementor-widget-wrap\">\n\t\t\t\t\t\t<div class=\"elementor-element elementor-element-9ddcb37 elementor-widget elementor-widget-heading\" data-id=\"9ddcb37\" data-element_type=\"widget\" data-widget_type=\"heading.default\">\n\t\t\t\t<div class=\"elementor-widget-container\">\n\t\t\t<h1 class=\"elementor-heading-title elementor-size-default\">Konsultacje Psychologiczne<\/h1>\t\t<\/div>\n\t\t\t\t<\/div>\n\t\t\t\t<div class=\"elementor-element elementor-element-97bcef6 elementor-widget elementor-widget-spacer\" data-id=\"97bcef6\" data-element_type=\"widget\" data-widget_type=\"spacer.default\">\n\t\t\t\t<div class=\"elementor-widget-container\">\n\t\t\t\t\t<div class=\"elementor-spacer\">\n\t\t\t<div class=\"elementor-spacer-inner\"><\/div>\n\t\t<\/div>\n\t\t\t\t<\/div>\n\t\t\t\t<\/div>\n\t\t\t\t\t\t<\/div>\n\t\t\t\t\t<\/div>\n\t\t<\/div>\n\t\t\t\t\t\t\t\t<\/div>\n\t\t\t\t\t<\/div>\n\t\t<\/section>\n\t\t\t\t<section class=\"elementor-section elementor-top-section elementor-element elementor-element-af0033a elementor-section-boxed elementor-section-height-default elementor-section-height-default\" data-id=\"af0033a\" data-element_type=\"section\">\n\t\t\t\t\t\t<div class=\"elementor-container elementor-column-gap-default\">\n\t\t\t\t\t\t\t<div class=\"elementor-row\">\n\t\t\t\t\t<div class=\"elementor-column elementor-col-100 elementor-top-column elementor-element elementor-element-3f6c085\" data-id=\"3f6c085\" data-element_type=\"column\">\n\t\t\t<div class=\"elementor-column-wrap elementor-element-populated\">\n\t\t\t\t\t\t\t<div class=\"elementor-widget-wrap\">\n\t\t\t\t\t\t<div class=\"elementor-element elementor-element-9018dda elementor-widget elementor-widget-spacer\" data-id=\"9018dda\" data-element_type=\"widget\" data-widget_type=\"spacer.default\">\n\t\t\t\t<div class=\"elementor-widget-container\">\n\t\t\t\t\t<div class=\"elementor-spacer\">\n\t\t\t<div class=\"elementor-spacer-inner\"><\/div>\n\t\t<\/div>\n\t\t\t\t<\/div>\n\t\t\t\t<\/div>\n\t\t\t\t<div class=\"elementor-element elementor-element-2926d37 elementor-widget elementor-widget-text-editor\" data-id=\"2926d37\" data-element_type=\"widget\" data-widget_type=\"text-editor.default\">\n\t\t\t\t<div class=\"elementor-widget-container\">\n\t\t\t\t\t\t\t\t<div class=\"elementor-text-editor elementor-clearfix\">\n\t\t\t\t<h1>Konsultacje Indywidualne dla doros\u0142ych<\/h1>\n<p>Opieraj\u0105c si\u0119 na empatycznej relacji z klientem, wsp\u00f3lnie szukamy akceptacji, g\u0142\u0119bszego zrozumienia i rozwi\u0105za\u0144 poprawiaj\u0105cych samopoczucie. Dzi\u0119ki Teorii Poliwagalnej i podej\u015bciu skoncentrowanemu na rozwi\u0105zaniach pomagam klientom wprowadza\u0107 delikatne zmiany w ich codziennym \u017cyciu i promowa\u0107 nowe sposoby radzenia sobie z wyzwaniami.<\/p>\n<p>Je\u015bli zmagasz si\u0119 z:<\/p>\n<ul>\n<li>Wysokiem poziomem stresu<\/li>\n<li>Wypaleniem zawodowym<\/li>\n<li>L\u0119kiem<\/li>\n<li>Depresj\u0105<\/li>\n<li>Trudno\u015bciami w budowaniu relacji<\/li>\n<li>Regulacj\u0105 emocji<\/li>\n<li>Zmianami \u017cyciowymi<\/li>\n<li>Challenges with addictions<\/li>\n<li>NIsk\u0105 energi\u0105 i ci\u0105g\u0142ym zm\u0119czeniem<\/li>\n<\/ul>\n<p>Wykorzystam swoj\u0105 wiedz\u0119 i do\u015bwiadczenie, aby rozwin\u0105\u0107 Twoj\u0105 autonomi\u0119, wzmocni\u0107 Ci\u0119 i przekaza\u0107 Ci narz\u0119dzia do bardziej wyregulowanego i spokojniejszego \u017cycia.<br>When working with my clients I am guided by Polyvagal theory, Solution Focused Therapy, Close upbringing and Self-Reg.<\/p>\n<p>Jako provider protoko\u0142u Safe &amp; Sound, wierz\u0119, \u017ce aby dobrze funkcjonowa\u0107 w \u017cyciu, musimy czu\u0107 si\u0119 bezpiecznie w naszym \u015brodowisku, w naszych rodzinach, w nas samych i w\u0142a\u015bnie to poczucie bezpiecze\u0144stwa jest celem mojej pracy. Wi\u0119cej informacji na temat SSP i Focus System oraz Brainspotting mo\u017cna znale\u017a\u0107 na odpowiednich stronach w sekcji us\u0142ugi.<\/p>\n<p><\/p>\n<h1>Konsultacje dla m\u0142odzie\u017cy<\/h1>\n<p>Mam do\u015bwiadczenie w pracy z dzie\u0107mi z histori\u0105 traumy, trudno\u015bciami behawioralnymi, problemami adaptacyjnymi, l\u0119kami i wyzwaniami emocjonalnymi. Posiadam rozleg\u0142\u0105 wiedz\u0119 w temacie wspierania os\u00f3b wysoko wra\u017cliwych, wysoko uzdolnionych i neuror\u00f3\u017cnorodnych. Stosuj\u0119 delikatne podej\u015bcie, kt\u00f3re pomaga dzieciom czu\u0107 si\u0119 bezpiecznie i umo\u017cliwia im zdrowy rozw\u00f3j.<\/p>\n<p><\/p>\n<h1>Consultations for parents<\/h1>\n<p>Je\u015bli Twoje dziecko do\u015bwiadcza trudno\u015bci emocjonalnych oraz wyzwa\u0144 w funkcjonowaniu w codziennym \u017cyciu, konsultacje dla rodzic\u00f3w mog\u0105 by\u0107 dla Ciebie.<br>Wsp\u00f3lnie poszukamy najlepszych rozwi\u0105za\u0144 dla Waszej rodziny. Wspieram rodzic\u00f3w swoj\u0105 wiedz\u0105 merytoryczn\u0105, przekazuj\u0105c im zasoby i ucz\u0105c ich umiej\u0119tno\u015bci wspierania rozwoju dziecka oraz pomagam im w budowaniu dobrej i pe\u0142nej mi\u0142o\u015bci relacji z dzieckiem.<\/p>\n<h1 style=\"font-style: normal;\"><span style=\"font-size: 50px; font-style: normal;\">Brainspotting<\/span><br><\/h1>\n<p style=\"font-size: 15px; font-style: normal;\"><span style=\"font-size: 15px; font-style: normal;\">In my practice I am using Brainspotting that is a powerful method that works by identifying, processing and releasing core neurophysiological sources of emotional\/body pain, trauma, dissociation and a variety of other challenging symptoms.<\/span><\/p>\t\t\t\t\t<\/div>\n\t\t\t\t\t\t<\/div>\n\t\t\t\t<\/div>\n\t\t\t\t<div class=\"elementor-element elementor-element-e451a5f elementor-widget elementor-widget-text-editor\" data-id=\"e451a5f\" data-element_type=\"widget\" data-widget_type=\"text-editor.default\">\n\t\t\t\t<div class=\"elementor-widget-container\">\n\t\t\t\t\t\t\t\t<div class=\"elementor-text-editor elementor-clearfix\">\n\t\t\t\t\t\t\t\t\t<\/div>\n\t\t\t\t\t\t<\/div>\n\t\t\t\t<\/div>\n\t\t\t\t\t\t<\/div>\n\t\t\t\t\t<\/div>\n\t\t<\/div>\n\t\t\t\t\t\t\t\t<\/div>\n\t\t\t\t\t<\/div>\n\t\t<\/section>\n\t\t\t\t\t\t\t\t\t<\/div>\n\t\t\t<\/div>\n\t\t\t\t\t<\/div>","protected":false},"excerpt":{"rendered":"<p>Psychological Counselling Individual counselling for adults Based on an empathetic relationship with the client, we are looking together for acceptance, deeper understanding and solutions to improve wellbeing. Through my trauma informed and Solution Focused approach I help clients implement gentle changes into their daily life and promote new ways in dealing with their challenges. If &hellip;<\/p>\n<p class=\"read-more\"> <a class=\"\" href=\"https:\/\/safepsychology.eu\/pl\/services\/consultation\/\"> <span class=\"screen-reader-text\">Konsultacje psychologiczne<\/span> Read More &raquo;<\/a><\/p>","protected":false},"author":2,"featured_media":0,"parent":112,"menu_order":0,"comment_status":"closed","ping_status":"closed","template":"elementor_header_footer","meta":[],"_links":{"self":[{"href":"https:\/\/safepsychology.eu\/pl\/wp-json\/wp\/v2\/pages\/122"}],"collection":[{"href":"https:\/\/safepsychology.eu\/pl\/wp-json\/wp\/v2\/pages"}],"about":[{"href":"https:\/\/safepsychology.eu\/pl\/wp-json\/wp\/v2\/types\/page"}],"author":[{"embeddable":true,"href":"https:\/\/safepsychology.eu\/pl\/wp-json\/wp\/v2\/users\/2"}],"replies":[{"embeddable":true,"href":"https:\/\/safepsychology.eu\/pl\/wp-json\/wp\/v2\/comments?post=122"}],"version-history":[{"count":29,"href":"https:\/\/safepsychology.eu\/pl\/wp-json\/wp\/v2\/pages\/122\/revisions"}],"predecessor-version":[{"id":356,"href":"https:\/\/safepsychology.eu\/pl\/wp-json\/wp\/v2\/pages\/122\/revisions\/356"}],"up":[{"embeddable":true,"href":"https:\/\/safepsychology.eu\/pl\/wp-json\/wp\/v2\/pages\/112"}],"wp:attachment":[{"href":"https:\/\/safepsychology.eu\/pl\/wp-json\/wp\/v2\/media?parent=122"}],"curies":[{"name":"wp","href":"https:\/\/api.w.org\/{rel}","templated":true}]}}