{"id":125,"date":"2020-10-09T22:17:19","date_gmt":"2020-10-09T22:17:19","guid":{"rendered":"http:\/\/safepsychology.eu\/?page_id=125"},"modified":"2022-05-22T12:32:39","modified_gmt":"2022-05-22T12:32:39","slug":"safe-and-sound-protocol","status":"publish","type":"page","link":"https:\/\/safepsychology.eu\/pl\/services\/safe-and-sound-protocol\/","title":{"rendered":"Safe and Sound"},"content":{"rendered":"<div data-elementor-type=\"wp-page\" data-elementor-id=\"125\" class=\"elementor elementor-125\">\n\t\t\t\t\t\t<div class=\"elementor-inner\">\n\t\t\t\t<div class=\"elementor-section-wrap\">\n\t\t\t\t\t\t\t\t\t<section class=\"elementor-section elementor-top-section elementor-element elementor-element-203f1ee elementor-section-height-min-height elementor-section-boxed elementor-section-height-default elementor-section-items-middle\" data-id=\"203f1ee\" data-element_type=\"section\" data-settings=\"{&quot;background_background&quot;:&quot;classic&quot;,&quot;animation&quot;:&quot;none&quot;}\">\n\t\t\t\t\t\t<div class=\"elementor-container elementor-column-gap-default\">\n\t\t\t\t\t\t\t<div class=\"elementor-row\">\n\t\t\t\t\t<div class=\"elementor-column elementor-col-100 elementor-top-column elementor-element elementor-element-202a680\" data-id=\"202a680\" data-element_type=\"column\">\n\t\t\t<div class=\"elementor-column-wrap elementor-element-populated\">\n\t\t\t\t\t\t\t<div class=\"elementor-widget-wrap\">\n\t\t\t\t\t\t<div class=\"elementor-element elementor-element-d8cebfb elementor-widget elementor-widget-spacer\" data-id=\"d8cebfb\" data-element_type=\"widget\" data-widget_type=\"spacer.default\">\n\t\t\t\t<div class=\"elementor-widget-container\">\n\t\t\t\t\t<div class=\"elementor-spacer\">\n\t\t\t<div class=\"elementor-spacer-inner\"><\/div>\n\t\t<\/div>\n\t\t\t\t<\/div>\n\t\t\t\t<\/div>\n\t\t\t\t\t\t<\/div>\n\t\t\t\t\t<\/div>\n\t\t<\/div>\n\t\t\t\t\t\t\t\t<\/div>\n\t\t\t\t\t<\/div>\n\t\t<\/section>\n\t\t\t\t<section class=\"elementor-section elementor-top-section elementor-element elementor-element-fb866ed elementor-section-boxed elementor-section-height-default elementor-section-height-default\" data-id=\"fb866ed\" data-element_type=\"section\">\n\t\t\t\t\t\t<div class=\"elementor-container elementor-column-gap-default\">\n\t\t\t\t\t\t\t<div class=\"elementor-row\">\n\t\t\t\t\t<div class=\"elementor-column elementor-col-100 elementor-top-column elementor-element elementor-element-fc2ef04\" data-id=\"fc2ef04\" data-element_type=\"column\">\n\t\t\t<div class=\"elementor-column-wrap elementor-element-populated\">\n\t\t\t\t\t\t\t<div class=\"elementor-widget-wrap\">\n\t\t\t\t\t\t<div class=\"elementor-element elementor-element-90c5c92 elementor-widget elementor-widget-spacer\" data-id=\"90c5c92\" data-element_type=\"widget\" data-widget_type=\"spacer.default\">\n\t\t\t\t<div class=\"elementor-widget-container\">\n\t\t\t\t\t<div class=\"elementor-spacer\">\n\t\t\t<div class=\"elementor-spacer-inner\"><\/div>\n\t\t<\/div>\n\t\t\t\t<\/div>\n\t\t\t\t<\/div>\n\t\t\t\t\t\t<\/div>\n\t\t\t\t\t<\/div>\n\t\t<\/div>\n\t\t\t\t\t\t\t\t<\/div>\n\t\t\t\t\t<\/div>\n\t\t<\/section>\n\t\t\t\t<section class=\"elementor-section elementor-top-section elementor-element elementor-element-72844a6 elementor-section-boxed elementor-section-height-default elementor-section-height-default\" data-id=\"72844a6\" data-element_type=\"section\">\n\t\t\t\t\t\t<div class=\"elementor-container elementor-column-gap-default\">\n\t\t\t\t\t\t\t<div class=\"elementor-row\">\n\t\t\t\t\t<div class=\"elementor-column elementor-col-100 elementor-top-column elementor-element elementor-element-c9eea50\" data-id=\"c9eea50\" data-element_type=\"column\">\n\t\t\t<div class=\"elementor-column-wrap elementor-element-populated\">\n\t\t\t\t\t\t\t<div class=\"elementor-widget-wrap\">\n\t\t\t\t\t\t<div class=\"elementor-element elementor-element-8eddbab elementor-widget elementor-widget-text-editor\" data-id=\"8eddbab\" data-element_type=\"widget\" data-widget_type=\"text-editor.default\">\n\t\t\t\t<div class=\"elementor-widget-container\">\n\t\t\t\t\t\t\t\t<div class=\"elementor-text-editor elementor-clearfix\">\n\t\t\t\t<h2 style=\"font-style: normal;\" data-elementor-setting-key=\"title\" data-pen-placeholder=\"Type Here...\">Safe and Sound<\/h2><div>\u00a0<em style=\"font-size: 1.3333333333333rem;\">Co to jest SSP?<\/em><\/div><p>Safe &amp; Sound Protocol \u2122 (SSP) to pi\u0119ciogodzinna interwencja s\u0142uchowa zaprojektowana przez dr. Stephena Porgesa w celu zmniejszenia stresu przy jednoczesnym zwi\u0119kszeniu zaanga\u017cowania spo\u0142ecznego, odporno\u015bci psychicznej i umiej\u0119tno\u015bci regulacji emocji. Oparte na teorii poliwagalnej od dr Porges, uspokojenie stanu fizjologicznego i emocjonalnego otwiera drzwi do lepszej komunikacji i skuteczniejszej terapii.\u00a0<\/p><p style=\"font-size: 15px; font-style: normal;\">SSP to innowacyjna terapia oparta na ponad 40-letnich badaniach naukowych, wykazuj\u0105ca istotne zmiany w nast\u0119puj\u0105cych obszarach:<\/p>\t\t\t\t\t<\/div>\n\t\t\t\t\t\t<\/div>\n\t\t\t\t<\/div>\n\t\t\t\t\t\t<\/div>\n\t\t\t\t\t<\/div>\n\t\t<\/div>\n\t\t\t\t\t\t\t\t<\/div>\n\t\t\t\t\t<\/div>\n\t\t<\/section>\n\t\t\t\t<section class=\"elementor-section elementor-top-section elementor-element elementor-element-da01e5b elementor-section-boxed elementor-section-height-default elementor-section-height-default\" data-id=\"da01e5b\" data-element_type=\"section\">\n\t\t\t\t\t\t<div class=\"elementor-container elementor-column-gap-default\">\n\t\t\t\t\t\t\t<div class=\"elementor-row\">\n\t\t\t\t\t<div class=\"elementor-column elementor-col-50 elementor-top-column elementor-element elementor-element-c99200e\" data-id=\"c99200e\" data-element_type=\"column\">\n\t\t\t<div class=\"elementor-column-wrap elementor-element-populated\">\n\t\t\t\t\t\t\t<div class=\"elementor-widget-wrap\">\n\t\t\t\t\t\t<div class=\"elementor-element elementor-element-856568e elementor-widget elementor-widget-text-editor\" data-id=\"856568e\" data-element_type=\"widget\" data-widget_type=\"text-editor.default\">\n\t\t\t\t<div class=\"elementor-widget-container\">\n\t\t\t\t\t\t\t\t<div class=\"elementor-text-editor elementor-clearfix\">\n\t\t\t\t<ul><li style=\"font-weight: 400;\">Regulacja emocji<\/li><li><span style=\"font-size: 15px; color: var( --e-global-color-092fc00 );\">Trudno\u015bci spo\u0142eczne<\/span><\/li><li style=\"font-weight: 400;\">L\u0119k i trauma<\/li><li style=\"font-weight: 400;\">Zaburzenia uwagi<\/li><li style=\"font-weight: 400;\">Mutyzm wybi\u00f3rczy<\/li><li style=\"font-size: 15px;\">Auditory sensitivity<\/li><li style=\"font-weight: 400;\">Auditory processing disorder<\/li><li style=\"font-weight: 400;\">Zaburzenia integracji sensorycznej<\/li><li style=\"font-weight: 400;\">Depresj\u0105<\/li><li style=\"font-size: 15px;\">Choroba lokomocyjna<\/li><\/ul>\t\t\t\t\t<\/div>\n\t\t\t\t\t\t<\/div>\n\t\t\t\t<\/div>\n\t\t\t\t\t\t<\/div>\n\t\t\t\t\t<\/div>\n\t\t<\/div>\n\t\t\t\t<div class=\"elementor-column elementor-col-50 elementor-top-column elementor-element elementor-element-9a18c4f\" data-id=\"9a18c4f\" data-element_type=\"column\">\n\t\t\t<div class=\"elementor-column-wrap elementor-element-populated\">\n\t\t\t\t\t\t\t<div class=\"elementor-widget-wrap\">\n\t\t\t\t\t\t<div class=\"elementor-element elementor-element-6006d95 elementor-widget elementor-widget-image\" data-id=\"6006d95\" data-element_type=\"widget\" data-widget_type=\"image.default\">\n\t\t\t\t<div class=\"elementor-widget-container\">\n\t\t\t\t\t\t\t\t<div class=\"elementor-image\">\n\t\t\t\t\t\t\t\t\t\t\t\t<img width=\"1024\" height=\"683\" src=\"https:\/\/safepsychology.eu\/wp-content\/uploads\/2020\/10\/Canva-Photo-of-Girl-Listening-To-Music-1024x683.jpg\" class=\"attachment-large size-large\" alt=\"\" loading=\"lazy\" srcset=\"https:\/\/safepsychology.eu\/wp-content\/uploads\/2020\/10\/Canva-Photo-of-Girl-Listening-To-Music-1024x683.jpg 1024w, https:\/\/safepsychology.eu\/wp-content\/uploads\/2020\/10\/Canva-Photo-of-Girl-Listening-To-Music-300x200.jpg 300w, https:\/\/safepsychology.eu\/wp-content\/uploads\/2020\/10\/Canva-Photo-of-Girl-Listening-To-Music-768x512.jpg 768w, https:\/\/safepsychology.eu\/wp-content\/uploads\/2020\/10\/Canva-Photo-of-Girl-Listening-To-Music-1536x1024.jpg 1536w, https:\/\/safepsychology.eu\/wp-content\/uploads\/2020\/10\/Canva-Photo-of-Girl-Listening-To-Music-2048x1365.jpg 2048w\" sizes=\"(max-width: 1024px) 100vw, 1024px\" \/>\t\t\t\t\t\t\t\t\t\t\t\t\t\t<\/div>\n\t\t\t\t\t\t<\/div>\n\t\t\t\t<\/div>\n\t\t\t\t\t\t<\/div>\n\t\t\t\t\t<\/div>\n\t\t<\/div>\n\t\t\t\t\t\t\t\t<\/div>\n\t\t\t\t\t<\/div>\n\t\t<\/section>\n\t\t\t\t<section class=\"elementor-section elementor-top-section elementor-element elementor-element-0467ac8 elementor-section-boxed elementor-section-height-default elementor-section-height-default\" data-id=\"0467ac8\" data-element_type=\"section\">\n\t\t\t\t\t\t<div class=\"elementor-container elementor-column-gap-default\">\n\t\t\t\t\t\t\t<div class=\"elementor-row\">\n\t\t\t\t\t<div class=\"elementor-column elementor-col-100 elementor-top-column elementor-element elementor-element-24ef2be\" data-id=\"24ef2be\" data-element_type=\"column\">\n\t\t\t<div class=\"elementor-column-wrap elementor-element-populated\">\n\t\t\t\t\t\t\t<div class=\"elementor-widget-wrap\">\n\t\t\t\t\t\t<div class=\"elementor-element elementor-element-24c3b16 elementor-widget elementor-widget-text-editor\" data-id=\"24c3b16\" data-element_type=\"widget\" data-widget_type=\"text-editor.default\">\n\t\t\t\t<div class=\"elementor-widget-container\">\n\t\t\t\t\t\t\t\t<div class=\"elementor-text-editor elementor-clearfix\">\n\t\t\t\t<p style=\"font-weight: 400;\">This non-invasive intervention can be done in your own home (if there are no contraindications), under my remote supervision, and is suitable for both children and adults. Therapy involves listening to music that has been specially processed to fine-tune the nervous system (regulatory state) to introduce a sense of safety and the ability to engage in society.\u00a0<\/p>\t\t\t\t\t<\/div>\n\t\t\t\t\t\t<\/div>\n\t\t\t\t<\/div>\n\t\t\t\t\t\t<\/div>\n\t\t\t\t\t<\/div>\n\t\t<\/div>\n\t\t\t\t\t\t\t\t<\/div>\n\t\t\t\t\t<\/div>\n\t\t<\/section>\n\t\t\t\t<section class=\"elementor-section elementor-top-section elementor-element elementor-element-448b7b8 elementor-section-boxed elementor-section-height-default elementor-section-height-default\" data-id=\"448b7b8\" data-element_type=\"section\">\n\t\t\t\t\t\t<div class=\"elementor-container elementor-column-gap-default\">\n\t\t\t\t\t\t\t<div class=\"elementor-row\">\n\t\t\t\t\t<div class=\"elementor-column elementor-col-33 elementor-top-column elementor-element elementor-element-1d08333\" data-id=\"1d08333\" data-element_type=\"column\">\n\t\t\t<div class=\"elementor-column-wrap\">\n\t\t\t\t\t\t\t<div class=\"elementor-widget-wrap\">\n\t\t\t\t\t\t\t\t<\/div>\n\t\t\t\t\t<\/div>\n\t\t<\/div>\n\t\t\t\t<div class=\"elementor-column elementor-col-33 elementor-top-column elementor-element elementor-element-5d1ddf1\" data-id=\"5d1ddf1\" data-element_type=\"column\">\n\t\t\t<div class=\"elementor-column-wrap elementor-element-populated\">\n\t\t\t\t\t\t\t<div class=\"elementor-widget-wrap\">\n\t\t\t\t\t\t<div class=\"elementor-element elementor-element-3190b4d elementor-aspect-ratio-169 elementor-widget elementor-widget-video\" data-id=\"3190b4d\" data-element_type=\"widget\" data-settings=\"{&quot;youtube_url&quot;:&quot;https:\\\/\\\/www.youtube.com\\\/watch?v=q_kl9fu0F88&quot;,&quot;video_type&quot;:&quot;youtube&quot;,&quot;controls&quot;:&quot;yes&quot;,&quot;aspect_ratio&quot;:&quot;169&quot;}\" data-widget_type=\"video.default\">\n\t\t\t\t<div class=\"elementor-widget-container\">\n\t\t\t\t\t<div class=\"elementor-wrapper elementor-fit-aspect-ratio elementor-open-inline\">\n\t\t\t<div class=\"elementor-video\"><\/div>\t\t<\/div>\n\t\t\t\t<\/div>\n\t\t\t\t<\/div>\n\t\t\t\t<div class=\"elementor-element elementor-element-5ae5e13 elementor-widget elementor-widget-text-editor\" data-id=\"5ae5e13\" data-element_type=\"widget\" data-widget_type=\"text-editor.default\">\n\t\t\t\t<div class=\"elementor-widget-container\">\n\t\t\t\t\t\t\t\t<div class=\"elementor-text-editor elementor-clearfix\">\n\t\t\t\t<p><em>Co m\u00f3wi dr Stephen Porges o SSP<\/em><\/p>\t\t\t\t\t<\/div>\n\t\t\t\t\t\t<\/div>\n\t\t\t\t<\/div>\n\t\t\t\t\t\t<\/div>\n\t\t\t\t\t<\/div>\n\t\t<\/div>\n\t\t\t\t<div class=\"elementor-column elementor-col-33 elementor-top-column elementor-element elementor-element-cd8a34a\" data-id=\"cd8a34a\" data-element_type=\"column\">\n\t\t\t<div class=\"elementor-column-wrap\">\n\t\t\t\t\t\t\t<div class=\"elementor-widget-wrap\">\n\t\t\t\t\t\t\t\t<\/div>\n\t\t\t\t\t<\/div>\n\t\t<\/div>\n\t\t\t\t\t\t\t\t<\/div>\n\t\t\t\t\t<\/div>\n\t\t<\/section>\n\t\t\t\t<section class=\"elementor-section elementor-top-section elementor-element elementor-element-9d34268 elementor-section-boxed elementor-section-height-default elementor-section-height-default\" data-id=\"9d34268\" data-element_type=\"section\">\n\t\t\t\t\t\t<div class=\"elementor-container elementor-column-gap-default\">\n\t\t\t\t\t\t\t<div class=\"elementor-row\">\n\t\t\t\t\t<div class=\"elementor-column elementor-col-100 elementor-top-column elementor-element elementor-element-db4d33a\" data-id=\"db4d33a\" data-element_type=\"column\">\n\t\t\t<div class=\"elementor-column-wrap elementor-element-populated\">\n\t\t\t\t\t\t\t<div class=\"elementor-widget-wrap\">\n\t\t\t\t\t\t<div class=\"elementor-element elementor-element-4b09ee1 elementor-widget elementor-widget-text-editor\" data-id=\"4b09ee1\" data-element_type=\"widget\" data-widget_type=\"text-editor.default\">\n\t\t\t\t<div class=\"elementor-widget-container\">\n\t\t\t\t\t\t\t\t<div class=\"elementor-text-editor elementor-clearfix\">\n\t\t\t\t<p style=\"font-weight: 400;\"><em style=\"font-size: 1.3333333333333rem;\">FAQ<\/em><\/p><p style=\"font-weight: 400;\"><em style=\"font-size: 1.3333333333333rem;\">Jak d\u0142ugo trwa ca\u0142y protok\u00f3\u0142 ssp?<\/em><\/p><p style=\"font-weight: 400;\"><span style=\"font-size: 15px; color: var( --e-global-color-092fc00 );\">Ca\u0142y protok\u00f3\u0142 trwa 5 godzin, ale czas trwania interwencji zale\u017cy od indywidualnych mo\u017cliwo\u015bci uk\u0142adu nerwowego s\u0142uchacza. Mo\u017ce to trwa\u0107 od 10 dni przy cz\u0119stotliwo\u015bci s\u0142uchania 30 min \/ h, do kilku tygodni, a nawet d\u0142u\u017cej, je\u015bli czas s\u0142uchania nie mo\u017ce przekracza\u0107 kilku minut dziennie.<\/span><\/p>\n<h4 style=\"font-weight: 400;\"><em>Czy moje dziecko poradzi sobie z tak d\u0142ugim s\u0142uchaniem?<\/em><\/h4><div><em><br><\/em><\/div>\n<p style=\"font-weight: 400;\">D\u0142ugo\u015b\u0107 dziennego s\u0142uchania jest starannie dostosowywana do mo\u017cliwo\u015bci uk\u0142adu nerwowego s\u0142uchacza zar\u00f3wno przed rozpocz\u0119ciem protoko\u0142u, jak i w jego trakcie. Muzyka, kt\u00f3rej s\u0142ucha Twoje dziecko, to przyjemna muzyka z film\u00f3w Disneya. Podczas s\u0142uchania dziecko mo\u017ce wykonywa\u0107 ciche czynno\u015bci, kt\u00f3re pomog\u0105 zachowa\u0107 uwag\u0119, dadz\u0105 poczucie bezpiecze\u0144stwa i sprawi\u0105, \u017ce s\u0142uchanie b\u0119dzie przyjemno\u015bci\u0105, takie jak kolorowanie, zabawa ciastem, przyklejanie itp.<\/p>\n<h4 style=\"font-weight: 400;\"><em>What do I need in order to start SSP?<\/em><\/h4>\n<p style=\"font-weight: 400;\">Aby m\u00f3c rozpocz\u0105\u0107 SSP, potrzebne s\u0105 dobrej jako\u015bci s\u0142uchawki, smartfon lub tablet i przede wszystkim wykwalifikowany superwizor, kt\u00f3ry b\u0119dzie czuwa\u0142 nad ca\u0142ym protoko\u0142em.<\/p>\t\t\t\t\t<\/div>\n\t\t\t\t\t\t<\/div>\n\t\t\t\t<\/div>\n\t\t\t\t\t\t<\/div>\n\t\t\t\t\t<\/div>\n\t\t<\/div>\n\t\t\t\t\t\t\t\t<\/div>\n\t\t\t\t\t<\/div>\n\t\t<\/section>\n\t\t\t\t\t\t\t\t\t<\/div>\n\t\t\t<\/div>\n\t\t\t\t\t<\/div>","protected":false},"excerpt":{"rendered":"<p>Safe and Sound Protocol \u00a0What is SSP? Safe &amp; Sound Protocol \u2122 (SSP) is a five-hour auditory intervention designed by Dr. Stephen Porges to reduce stress while increasing social engagement, mental resilience,\u00a0and emotional regulation skills. Based on Dr. Porges&#8217; polyvagal theory, calming the physiological and emotional state opens the door to better communication and more &hellip;<\/p>\n<p class=\"read-more\"> <a class=\"\" href=\"https:\/\/safepsychology.eu\/pl\/services\/safe-and-sound-protocol\/\"> <span class=\"screen-reader-text\">Safe and Sound<\/span> Read More &raquo;<\/a><\/p>","protected":false},"author":2,"featured_media":0,"parent":112,"menu_order":1,"comment_status":"closed","ping_status":"closed","template":"elementor_header_footer","meta":[],"_links":{"self":[{"href":"https:\/\/safepsychology.eu\/pl\/wp-json\/wp\/v2\/pages\/125"}],"collection":[{"href":"https:\/\/safepsychology.eu\/pl\/wp-json\/wp\/v2\/pages"}],"about":[{"href":"https:\/\/safepsychology.eu\/pl\/wp-json\/wp\/v2\/types\/page"}],"author":[{"embeddable":true,"href":"https:\/\/safepsychology.eu\/pl\/wp-json\/wp\/v2\/users\/2"}],"replies":[{"embeddable":true,"href":"https:\/\/safepsychology.eu\/pl\/wp-json\/wp\/v2\/comments?post=125"}],"version-history":[{"count":27,"href":"https:\/\/safepsychology.eu\/pl\/wp-json\/wp\/v2\/pages\/125\/revisions"}],"predecessor-version":[{"id":367,"href":"https:\/\/safepsychology.eu\/pl\/wp-json\/wp\/v2\/pages\/125\/revisions\/367"}],"up":[{"embeddable":true,"href":"https:\/\/safepsychology.eu\/pl\/wp-json\/wp\/v2\/pages\/112"}],"wp:attachment":[{"href":"https:\/\/safepsychology.eu\/pl\/wp-json\/wp\/v2\/media?parent=125"}],"curies":[{"name":"wp","href":"https:\/\/api.w.org\/{rel}","templated":true}]}}