{"id":127,"date":"2020-10-09T22:17:50","date_gmt":"2020-10-09T22:17:50","guid":{"rendered":"http:\/\/safepsychology.eu\/?page_id=127"},"modified":"2020-10-14T20:45:34","modified_gmt":"2020-10-14T20:45:34","slug":"focus-ils","status":"publish","type":"page","link":"https:\/\/safepsychology.eu\/pl\/services\/focus-ils\/","title":{"rendered":"Focus ILS"},"content":{"rendered":"<div data-elementor-type=\"wp-page\" data-elementor-id=\"127\" class=\"elementor elementor-127\">\n\t\t\t\t\t\t<div class=\"elementor-inner\">\n\t\t\t\t<div class=\"elementor-section-wrap\">\n\t\t\t\t\t\t\t\t\t<section class=\"elementor-section elementor-top-section elementor-element elementor-element-7cbc339 elementor-section-height-min-height elementor-section-boxed elementor-section-height-default elementor-section-items-middle\" data-id=\"7cbc339\" data-element_type=\"section\" data-settings=\"{&quot;background_background&quot;:&quot;classic&quot;}\">\n\t\t\t\t\t\t<div class=\"elementor-container elementor-column-gap-default\">\n\t\t\t\t\t\t\t<div class=\"elementor-row\">\n\t\t\t\t\t<div class=\"elementor-column elementor-col-100 elementor-top-column elementor-element elementor-element-cb37969\" data-id=\"cb37969\" data-element_type=\"column\">\n\t\t\t<div class=\"elementor-column-wrap elementor-element-populated\">\n\t\t\t\t\t\t\t<div class=\"elementor-widget-wrap\">\n\t\t\t\t\t\t<div class=\"elementor-element elementor-element-d36736c elementor-widget elementor-widget-spacer\" data-id=\"d36736c\" data-element_type=\"widget\" data-widget_type=\"spacer.default\">\n\t\t\t\t<div class=\"elementor-widget-container\">\n\t\t\t\t\t<div class=\"elementor-spacer\">\n\t\t\t<div class=\"elementor-spacer-inner\"><\/div>\n\t\t<\/div>\n\t\t\t\t<\/div>\n\t\t\t\t<\/div>\n\t\t\t\t\t\t<\/div>\n\t\t\t\t\t<\/div>\n\t\t<\/div>\n\t\t\t\t\t\t\t\t<\/div>\n\t\t\t\t\t<\/div>\n\t\t<\/section>\n\t\t\t\t<section class=\"elementor-section elementor-top-section elementor-element elementor-element-a7f7296 elementor-section-boxed elementor-section-height-default elementor-section-height-default\" data-id=\"a7f7296\" data-element_type=\"section\">\n\t\t\t\t\t\t<div class=\"elementor-container elementor-column-gap-default\">\n\t\t\t\t\t\t\t<div class=\"elementor-row\">\n\t\t\t\t\t<div class=\"elementor-column elementor-col-100 elementor-top-column elementor-element elementor-element-0e2046c\" data-id=\"0e2046c\" data-element_type=\"column\">\n\t\t\t<div class=\"elementor-column-wrap elementor-element-populated\">\n\t\t\t\t\t\t\t<div class=\"elementor-widget-wrap\">\n\t\t\t\t\t\t<div class=\"elementor-element elementor-element-de3fbcf elementor-widget elementor-widget-spacer\" data-id=\"de3fbcf\" data-element_type=\"widget\" data-widget_type=\"spacer.default\">\n\t\t\t\t<div class=\"elementor-widget-container\">\n\t\t\t\t\t<div class=\"elementor-spacer\">\n\t\t\t<div class=\"elementor-spacer-inner\"><\/div>\n\t\t<\/div>\n\t\t\t\t<\/div>\n\t\t\t\t<\/div>\n\t\t\t\t<div class=\"elementor-element elementor-element-886aa04 elementor-widget elementor-widget-text-editor\" data-id=\"886aa04\" data-element_type=\"widget\" data-widget_type=\"text-editor.default\">\n\t\t\t\t<div class=\"elementor-widget-container\">\n\t\t\t\t\t\t\t\t<div class=\"elementor-text-editor elementor-clearfix\">\n\t\t\t\t<h2>Focus ILS<\/h2>\n<p>Focus System to interwencja przeznaczona do u\u017cytku domowego, sk\u0142adaj\u0105ca si\u0119 z terapeutycznej muzyki po\u0142\u0105czonej z aktywno\u015bciami ruchowymi oraz poznawczymi w celu aktywacji sieci po\u0142\u0105cze\u0144 mi\u0119dzyneuronalnych.<\/p>\n<p>Programy tworz\u0105ce Focus System zapewniaj\u0105 jednoczesne multisensoryczn\u0105 stymulacje, aby pom\u00f3c w utworzeniu nowych po\u0142\u0105cze\u0144 nerwowych i wzmocnieniu tych istniej\u0105cych by poprawi\u0107 organizacj\u0119 cia\u0142a i funkcji m\u00f3zgu.<\/p>\n<p>Muzyka terapeutyczna Focus jest dostarczana poprzez specjalne s\u0142uchawki iLs, kt\u00f3re s\u0105 wyposa\u017cone w przewodnictwo kostne co zwi\u0119ksza ich terapeutyczne dzia\u0142anie,<span style=\"font-size: 15px; color: var( --e-global-color-092fc00 );\">Dzi\u0119ki temu zapewniaj\u0105 odpowiedni\u0105 stymulacj\u0119 s\u0142uchow\u0105, wzrokow\u0105 i przedsionkow\u0105, kt\u00f3ra wspomaga rozw\u00f3j uk\u0142adu nerwowego. Ta zdolno\u015b\u0107 m\u00f3zgu do zmiany w odpowiedzi na stymulacj\u0119 jest znana jako \u201eneuroplastyczno\u015b\u0107\u201d. iLs jest oparta na solidnych fundamentach nauki, kt\u00f3ra dowodzi mo\u017cliwo\u015bci neuroplatyczno\u015bci poprzez powtarzan\u0105, delikatn\u0105 stymulacj\u0119 odpowiednich system\u00f3w.<\/span><\/p>\n<p><span style=\"font-size: 15px; color: var( --e-global-color-092fc00 );\">W zale\u017cno\u015bci od wybranego programu, Focus mo\u017ce pom\u00f3c z problemami w obr\u0119bie:<\/span><\/p>\n<ul>\n<li><span style=\"color: var( --e-global-color-092fc00 ); font-size: 15px;\">koordynacji, r\u00f3wnowagi, uwagi, regulacji emocji<\/span><\/li>\n<li><span style=\"color: var( --e-global-color-092fc00 ); font-size: 15px;\">&nbsp;dyskryminacja tonu, przetwarzania s\u0142uchowego, czytania, nastroju<\/span><\/li>\n<li><span style=\"color: var( --e-global-color-092fc00 ); font-size: 15px;\">&nbsp;czytanie, koordynacja r\u0119ka-oko, r\u00f3wnowaga, sport<\/span><\/li>\n<li><span style=\"font-size: 15px; color: var( --e-global-color-092fc00 );\">uwaga, spok\u00f3j, motoryka, koordynacja, codzienny ruch, pewno\u015b\u0107 siebie<\/span><\/li>\n<li><span style=\"font-size: 15px; color: var( --e-global-color-092fc00 );\">umiej\u0119tno\u015b\u0107 skupienia si\u0119, stan wyciszenia, kt\u00f3ry pozwala lepiej skupi\u0107 si\u0119 na wy\u017cszych funkcjach poznawczych<\/span><\/li>\n<li>automatyzacja czynno\u015bci ruchowych<\/li>\n<li><span style=\"font-size: 15px; color: var( --e-global-color-092fc00 );\">szybko\u015b\u0107 przetwarzania, funkcje poznawcze<\/span><\/li>\n<\/ul>\n<div>Focus mo\u017ce by\u0107 u\u017cywany zar\u00f3wno przez dzieci, jak i doros\u0142ych. Czas trwania interwencji uzale\u017cniony jest od wyzwa\u0144, nad kt\u00f3rymi chce pracowa\u0107 klient oraz zalecanego do tego celu programu.&nbsp;<\/div>\t\t\t\t\t<\/div>\n\t\t\t\t\t\t<\/div>\n\t\t\t\t<\/div>\n\t\t\t\t\t\t<\/div>\n\t\t\t\t\t<\/div>\n\t\t<\/div>\n\t\t\t\t\t\t\t\t<\/div>\n\t\t\t\t\t<\/div>\n\t\t<\/section>\n\t\t\t\t<section class=\"elementor-section elementor-top-section elementor-element elementor-element-6228d6c elementor-section-boxed elementor-section-height-default elementor-section-height-default\" data-id=\"6228d6c\" data-element_type=\"section\">\n\t\t\t\t\t\t<div class=\"elementor-container elementor-column-gap-default\">\n\t\t\t\t\t\t\t<div class=\"elementor-row\">\n\t\t\t\t\t<div class=\"elementor-column elementor-col-100 elementor-top-column elementor-element elementor-element-7389af1\" data-id=\"7389af1\" data-element_type=\"column\">\n\t\t\t<div class=\"elementor-column-wrap elementor-element-populated\">\n\t\t\t\t\t\t\t<div class=\"elementor-widget-wrap\">\n\t\t\t\t\t\t<div class=\"elementor-element elementor-element-87b43d6 elementor-widget elementor-widget-image\" data-id=\"87b43d6\" data-element_type=\"widget\" data-widget_type=\"image.default\">\n\t\t\t\t<div class=\"elementor-widget-container\">\n\t\t\t\t\t\t\t\t<div class=\"elementor-image\">\n\t\t\t\t\t\t\t\t\t\t\t\t<img width=\"1024\" height=\"475\" src=\"https:\/\/safepsychology.eu\/wp-content\/uploads\/2020\/10\/Screen-Shot-2020-10-13-at-11.41.26-1024x475.png\" class=\"attachment-large size-large\" alt=\"\" loading=\"lazy\" srcset=\"https:\/\/safepsychology.eu\/wp-content\/uploads\/2020\/10\/Screen-Shot-2020-10-13-at-11.41.26-1024x475.png 1024w, https:\/\/safepsychology.eu\/wp-content\/uploads\/2020\/10\/Screen-Shot-2020-10-13-at-11.41.26-300x139.png 300w, https:\/\/safepsychology.eu\/wp-content\/uploads\/2020\/10\/Screen-Shot-2020-10-13-at-11.41.26-768x356.png 768w, https:\/\/safepsychology.eu\/wp-content\/uploads\/2020\/10\/Screen-Shot-2020-10-13-at-11.41.26.png 1264w\" sizes=\"(max-width: 1024px) 100vw, 1024px\" \/>\t\t\t\t\t\t\t\t\t\t\t\t\t\t<\/div>\n\t\t\t\t\t\t<\/div>\n\t\t\t\t<\/div>\n\t\t\t\t\t\t<\/div>\n\t\t\t\t\t<\/div>\n\t\t<\/div>\n\t\t\t\t\t\t\t\t<\/div>\n\t\t\t\t\t<\/div>\n\t\t<\/section>\n\t\t\t\t<section class=\"elementor-section elementor-top-section elementor-element elementor-element-0ef09c5 elementor-section-boxed elementor-section-height-default elementor-section-height-default\" data-id=\"0ef09c5\" data-element_type=\"section\">\n\t\t\t\t\t\t<div class=\"elementor-container elementor-column-gap-default\">\n\t\t\t\t\t\t\t<div class=\"elementor-row\">\n\t\t\t\t\t<div class=\"elementor-column elementor-col-100 elementor-top-column elementor-element elementor-element-dde0c16\" data-id=\"dde0c16\" data-element_type=\"column\">\n\t\t\t<div class=\"elementor-column-wrap elementor-element-populated\">\n\t\t\t\t\t\t\t<div class=\"elementor-widget-wrap\">\n\t\t\t\t\t\t<div class=\"elementor-element elementor-element-3d56a24 elementor-widget elementor-widget-text-editor\" data-id=\"3d56a24\" data-element_type=\"widget\" data-widget_type=\"text-editor.default\">\n\t\t\t\t<div class=\"elementor-widget-container\">\n\t\t\t\t\t\t\t\t<div class=\"elementor-text-editor elementor-clearfix\">\n\t\t\t\t<p>Po wi\u0119cej informacji napisz na info@safepsychology.eu<\/p>\t\t\t\t\t<\/div>\n\t\t\t\t\t\t<\/div>\n\t\t\t\t<\/div>\n\t\t\t\t\t\t<\/div>\n\t\t\t\t\t<\/div>\n\t\t<\/div>\n\t\t\t\t\t\t\t\t<\/div>\n\t\t\t\t\t<\/div>\n\t\t<\/section>\n\t\t\t\t\t\t\t\t\t<\/div>\n\t\t\t<\/div>\n\t\t\t\t\t<\/div>","protected":false},"excerpt":{"rendered":"<p>Focus iLS The Focus System is a clinical-level intervention designed for home use, consisting of therapeutically-treated music combined with fun movement activities, and, when ready, cognitive challenges to further activate brain networks. Focus System programs provide simultaneous multisensory input to help develop new and reinforce existing pathways governing the organization of the body and brain &hellip;<\/p>\n<p class=\"read-more\"> <a class=\"\" href=\"https:\/\/safepsychology.eu\/pl\/services\/focus-ils\/\"> <span class=\"screen-reader-text\">Focus ILS<\/span> Read More &raquo;<\/a><\/p>","protected":false},"author":2,"featured_media":0,"parent":112,"menu_order":2,"comment_status":"closed","ping_status":"closed","template":"elementor_header_footer","meta":[],"_links":{"self":[{"href":"https:\/\/safepsychology.eu\/pl\/wp-json\/wp\/v2\/pages\/127"}],"collection":[{"href":"https:\/\/safepsychology.eu\/pl\/wp-json\/wp\/v2\/pages"}],"about":[{"href":"https:\/\/safepsychology.eu\/pl\/wp-json\/wp\/v2\/types\/page"}],"author":[{"embeddable":true,"href":"https:\/\/safepsychology.eu\/pl\/wp-json\/wp\/v2\/users\/2"}],"replies":[{"embeddable":true,"href":"https:\/\/safepsychology.eu\/pl\/wp-json\/wp\/v2\/comments?post=127"}],"version-history":[{"count":10,"href":"https:\/\/safepsychology.eu\/pl\/wp-json\/wp\/v2\/pages\/127\/revisions"}],"predecessor-version":[{"id":264,"href":"https:\/\/safepsychology.eu\/pl\/wp-json\/wp\/v2\/pages\/127\/revisions\/264"}],"up":[{"embeddable":true,"href":"https:\/\/safepsychology.eu\/pl\/wp-json\/wp\/v2\/pages\/112"}],"wp:attachment":[{"href":"https:\/\/safepsychology.eu\/pl\/wp-json\/wp\/v2\/media?parent=127"}],"curies":[{"name":"wp","href":"https:\/\/api.w.org\/{rel}","templated":true}]}}